{"id":331,"date":"2017-06-15T11:03:34","date_gmt":"2017-06-15T11:03:34","guid":{"rendered":"http:\/\/rotolongo.wpengine.com\/?page_id=331\/"},"modified":"2018-02-23T12:12:30","modified_gmt":"2018-02-23T12:12:30","slug":"la-vostra-tipografia-b2b-di-fiducia","status":"publish","type":"page","link":"https:\/\/www.rotolongo.com\/it\/","title":{"rendered":"La vostra tipografia B2B di fiducia"},"content":{"rendered":"\n            <div class=\"sc-container sc-container--full sc-container--text  \">\n                \n                <div class=\"sc-container__content\"><h2 style=\"text-align: center;\">Informazioni su Rotolongo<\/h2>\n<p style=\"text-align: center;\">Siamo una delle B2B tipografie pi\u00f9 rinomate in Europa! La nostra \u00e8 un&#8217;azienda gestita con tanta passione, nota per la qualit\u00e0 la rapidit\u00e0 e la creativit\u00e0 dei servizi offerti. Cerchiamo di intraprendere strade nuove e non consuete, per non fermarci mai e poter cos\u00ec continuare a crescere.<\/p>\n<p style=\"text-align: center;\"><span class=\"c-button-wrapper\"><a href=\"https:\/\/www.rotolongo.com\/it\/chi-siamo\/filosofia-aziendale\/\">di pi\u00f9 sulla nostra filosofia<\/a><\/span><\/p>\n<\/div>\n            <\/div>\n        \n\n            <div class=\"sc-container sc-container--grey  \">\n                \n                <div class=\"sc-container__content\">\n            <div class=\"sc-container sc-container--full sc-container--text  \">\n                \n                <div class=\"sc-container__content\">\n<h2 style=\"text-align: center;\"><strong>I servizi Rotolongo<\/strong><\/h2>\n<p style=\"text-align: center;\">Ecco una selezione dalla nostra ampia offerta di servizi.<\/p>\n<\/div>\n            <\/div>\n        <\/div>\n            <\/div>\n        \n\n            <div class=\"sc-container sc-container--grey  \">\n                \n                <div class=\"sc-container__content\">\n            <div class=\"sc-container sc-container--full sc-container--flex sc-container--flex--four  \">\n                \n                <div class=\"sc-container__content\">\n\n            <div class=\"sc-icon-box \">\n                <a href=\"\" ><div class=\"sc-icon-box__icon\"><img loading=\"lazy\" decoding=\"async\" width=\"512\" height=\"512\" src=\"https:\/\/www.rotolongo.com\/wp-content\/uploads\/2017\/05\/2-rotationen-grau.png\" class=\"attachment-small size-small\" alt=\"2 rotationen\" srcset=\"https:\/\/www.rotolongo.com\/wp-content\/uploads\/2017\/05\/2-rotationen-grau.png 512w, https:\/\/www.rotolongo.com\/wp-content\/uploads\/2017\/05\/2-rotationen-grau-150x150.png 150w, https:\/\/www.rotolongo.com\/wp-content\/uploads\/2017\/05\/2-rotationen-grau-300x300.png 300w, https:\/\/www.rotolongo.com\/wp-content\/uploads\/2017\/05\/2-rotationen-grau-100x100.png 100w, https:\/\/www.rotolongo.com\/wp-content\/uploads\/2017\/05\/2-rotationen-grau-50x50.png 50w, https:\/\/www.rotolongo.com\/wp-content\/uploads\/2017\/05\/2-rotationen-grau-450x450.png 450w, https:\/\/www.rotolongo.com\/wp-content\/uploads\/2017\/05\/2-rotationen-grau-440x440.png 440w\" sizes=\"auto, (max-width: 512px) 100vw, 512px\" \/><\/div><\/a>\n                <a href=\"\" ><span class=\"sc-icon-box__heading\">2 Rotative<\/span><\/a>\n                <a href=\"\" ><span class=\"sc-icon-box__text\">\nLavoriamo con due rotative, Rotoman 1 e Rotoman 2: un pacchetto completo dai numerosi vantaggi!<br \/>\n<\/span><\/a>\n                <div class=\"sc-icon-box__button\"><a href=\"https:\/\/www.rotolongo.com\/leistungen\/2-rotationen\/\" class=\"c-button c-button--small\">per sapere di pi\u00f9<\/a><\/div>\n            <\/div>\n        \n\n            <div class=\"sc-icon-box \">\n                <a href=\"\" ><div class=\"sc-icon-box__icon\"><img loading=\"lazy\" decoding=\"async\" width=\"512\" height=\"512\" src=\"https:\/\/www.rotolongo.com\/wp-content\/uploads\/2017\/05\/buchbinderei-grau.png\" class=\"attachment-small size-small\" alt=\"buchbinderei\" srcset=\"https:\/\/www.rotolongo.com\/wp-content\/uploads\/2017\/05\/buchbinderei-grau.png 512w, https:\/\/www.rotolongo.com\/wp-content\/uploads\/2017\/05\/buchbinderei-grau-150x150.png 150w, https:\/\/www.rotolongo.com\/wp-content\/uploads\/2017\/05\/buchbinderei-grau-300x300.png 300w, https:\/\/www.rotolongo.com\/wp-content\/uploads\/2017\/05\/buchbinderei-grau-100x100.png 100w, https:\/\/www.rotolongo.com\/wp-content\/uploads\/2017\/05\/buchbinderei-grau-50x50.png 50w, https:\/\/www.rotolongo.com\/wp-content\/uploads\/2017\/05\/buchbinderei-grau-450x450.png 450w, https:\/\/www.rotolongo.com\/wp-content\/uploads\/2017\/05\/buchbinderei-grau-440x440.png 440w\" sizes=\"auto, (max-width: 512px) 100vw, 512px\" \/><\/div><\/a>\n                <a href=\"\" ><span class=\"sc-icon-box__heading\">Legatoria<\/span><\/a>\n                <a href=\"\" ><span class=\"sc-icon-box__text\">\nNella nostra legatoria realizziamo i vostri prodotti finiti. Il nostro parco macchine \u00e8 moderno e tecnicamente aggiornato.<br \/>\n<\/span><\/a>\n                <div class=\"sc-icon-box__button\"><a href=\"https:\/\/www.rotolongo.com\/leistungen\/buchbinderei\/\" class=\"c-button c-button--small\">per sapere di pi\u00f9<\/a><\/div>\n            <\/div>\n        \n\n            <div class=\"sc-icon-box \">\n                <a href=\"\" ><div class=\"sc-icon-box__icon\"><img loading=\"lazy\" decoding=\"async\" width=\"512\" height=\"512\" src=\"https:\/\/www.rotolongo.com\/wp-content\/uploads\/2017\/05\/druckverarbeitung-inline-finishing-grau.png\" class=\"attachment-small size-small\" alt=\"druckverarbeitung und inline finishing\" srcset=\"https:\/\/www.rotolongo.com\/wp-content\/uploads\/2017\/05\/druckverarbeitung-inline-finishing-grau.png 512w, https:\/\/www.rotolongo.com\/wp-content\/uploads\/2017\/05\/druckverarbeitung-inline-finishing-grau-150x150.png 150w, https:\/\/www.rotolongo.com\/wp-content\/uploads\/2017\/05\/druckverarbeitung-inline-finishing-grau-300x300.png 300w, https:\/\/www.rotolongo.com\/wp-content\/uploads\/2017\/05\/druckverarbeitung-inline-finishing-grau-100x100.png 100w, https:\/\/www.rotolongo.com\/wp-content\/uploads\/2017\/05\/druckverarbeitung-inline-finishing-grau-50x50.png 50w, https:\/\/www.rotolongo.com\/wp-content\/uploads\/2017\/05\/druckverarbeitung-inline-finishing-grau-450x450.png 450w, https:\/\/www.rotolongo.com\/wp-content\/uploads\/2017\/05\/druckverarbeitung-inline-finishing-grau-440x440.png 440w\" sizes=\"auto, (max-width: 512px) 100vw, 512px\" \/><\/div><\/a>\n                <a href=\"\" ><span class=\"sc-icon-box__heading\">Elaborazione di stampa<\/span><\/a>\n                <a href=\"\" ><span class=\"sc-icon-box__text\">\nL\u2019elaborazione di stampa e la qualit\u00e0 della finitura in linea hanno estrema importanza per la produzione personalizzata.<br \/>\n<\/span><\/a>\n                <div class=\"sc-icon-box__button\"><a href=\"https:\/\/www.rotolongo.com\/leistungen\/druck-verarbeitung\/\" class=\"c-button c-button--small\">per sapere di pi\u00f9<\/a><\/div>\n            <\/div>\n        \n\n            <div class=\"sc-icon-box \">\n                <a href=\"\" ><div class=\"sc-icon-box__icon\"><img loading=\"lazy\" decoding=\"async\" width=\"421\" height=\"432\" src=\"https:\/\/www.rotolongo.com\/wp-content\/uploads\/2017\/05\/rollenoffsetdruck-grau-e1496310812148.png\" class=\"attachment-small size-small\" alt=\"rollenoffsetdruck\" srcset=\"https:\/\/www.rotolongo.com\/wp-content\/uploads\/2017\/05\/rollenoffsetdruck-grau-e1496310812148.png 421w, https:\/\/www.rotolongo.com\/wp-content\/uploads\/2017\/05\/rollenoffsetdruck-grau-e1496310812148-292x300.png 292w, https:\/\/www.rotolongo.com\/wp-content\/uploads\/2017\/05\/rollenoffsetdruck-grau-e1496310812148-100x103.png 100w, https:\/\/www.rotolongo.com\/wp-content\/uploads\/2017\/05\/rollenoffsetdruck-grau-e1496310812148-50x51.png 50w, https:\/\/www.rotolongo.com\/wp-content\/uploads\/2017\/05\/rollenoffsetdruck-grau-e1496310812148-300x308.png 300w\" sizes=\"auto, (max-width: 421px) 100vw, 421px\" \/><\/div><\/a>\n                <a href=\"\" ><span class=\"sc-icon-box__heading\">Stampa roto-offset<\/span><\/a>\n                <a href=\"\" ><span class=\"sc-icon-box__text\">\nLa stampa roto-offset \u00e8 caratterizzata dall\u2019elevata velocit\u00e0, che consente altissime tirature.<br \/>\n<\/span><\/a>\n                <div class=\"sc-icon-box__button\"><a href=\"https:\/\/www.rotolongo.com\/leistungen\/rollenoffsetdruck\/\" class=\"c-button c-button--small\">per sapere di pi\u00f9<\/a><\/div>\n            <\/div>\n        \n<\/div>\n            <\/div>\n        <\/div>\n            <\/div>\n        \n\n            <div class=\"sc-container sc-container--full sc-container--text  \">\n                \n                <div class=\"sc-container__content\"><h2 style=\"text-align: center;\"><strong>La nostra gamma prodotti<\/strong><\/h2>\n<p style=\"text-align: center;\">Ecco una breve panoramica sulla nostra gamma prodotti. Siamo a vostra completa disposizione anche per soddisfare le richieste pi\u00f9 speciali.<\/p>\n<\/div>\n            <\/div>\n        \n\n            <div class=\"sc-container sc-container--full sc-container--flex sc-container--flex--three  \">\n                \n                <div class=\"sc-container__content\">\n            <div class=\"sc-icon-box sc-icon-box--large-icon\">\n                <a href=\"\" ><div class=\"sc-icon-box__icon\"><img loading=\"lazy\" decoding=\"async\" width=\"424\" height=\"283\" src=\"https:\/\/www.rotolongo.com\/wp-content\/uploads\/2017\/05\/etiketten.jpg\" class=\"attachment-small size-small\" alt=\"etiketten\" srcset=\"https:\/\/www.rotolongo.com\/wp-content\/uploads\/2017\/05\/etiketten.jpg 424w, https:\/\/www.rotolongo.com\/wp-content\/uploads\/2017\/05\/etiketten-300x200.jpg 300w, https:\/\/www.rotolongo.com\/wp-content\/uploads\/2017\/05\/etiketten-100x67.jpg 100w, https:\/\/www.rotolongo.com\/wp-content\/uploads\/2017\/05\/etiketten-50x33.jpg 50w\" sizes=\"auto, (max-width: 424px) 100vw, 424px\" \/><\/div><\/a>\n                <a href=\"\" ><span class=\"sc-icon-box__heading\">Etichette<\/span><\/a>\n                <a href=\"\" ><span class=\"sc-icon-box__text\">\nSiamo in grado di stampare etichette su misura, facilmente applicabili sui prodotti, soddisfacendo cos\u00ec le particolari esigenze del cliente. Disponibili a partire da 200.000 pezzi (in base al formato)!<br \/>\n<\/span><\/a>\n                <div class=\"sc-icon-box__button\"><a href=\"https:\/\/www.rotolongo.com\/produkte\/etiketten\/\" class=\"c-button c-button--small\">per sapere di pi\u00f9<\/a><\/div>\n            <\/div>\n        \n\n            <div class=\"sc-icon-box sc-icon-box--large-icon\">\n                <a href=\"\" ><div class=\"sc-icon-box__icon\"><img loading=\"lazy\" decoding=\"async\" width=\"424\" height=\"283\" src=\"https:\/\/www.rotolongo.com\/wp-content\/uploads\/2017\/05\/packungsbeilagen.jpg\" class=\"attachment-small size-small\" alt=\"packungsbeilagen\" srcset=\"https:\/\/www.rotolongo.com\/wp-content\/uploads\/2017\/05\/packungsbeilagen.jpg 424w, https:\/\/www.rotolongo.com\/wp-content\/uploads\/2017\/05\/packungsbeilagen-300x200.jpg 300w, https:\/\/www.rotolongo.com\/wp-content\/uploads\/2017\/05\/packungsbeilagen-100x67.jpg 100w, https:\/\/www.rotolongo.com\/wp-content\/uploads\/2017\/05\/packungsbeilagen-50x33.jpg 50w\" sizes=\"auto, (max-width: 424px) 100vw, 424px\" \/><\/div><\/a>\n                <a href=\"\" ><span class=\"sc-icon-box__heading\">Foglietti illustrativi<\/span><\/a>\n                <a href=\"\" ><span class=\"sc-icon-box__text\">\n\u201c\u00c8 un medicinale che pu\u00f2 avere effetti indesiderati anche gravi. Leggere attentamente il foglio illustrativo.\u201d Probabilmente conoscete questa frase dagli spot pubblicitari in TV. I nostri foglietti illustrativi si distinguono per l\u2019alta qualit\u00e0 e l\u2019ottima leggibilit\u00e0.<br \/>\n<\/span><\/a>\n                <div class=\"sc-icon-box__button\"><a href=\"https:\/\/www.rotolongo.com\/produkte\/packungsbeilagen\/\" class=\"c-button c-button--small\">per sapere di pi\u00f9<\/a><\/div>\n            <\/div>\n        \n\n            <div class=\"sc-icon-box sc-icon-box--large-icon\">\n                <a href=\"\" ><div class=\"sc-icon-box__icon\"><img loading=\"lazy\" decoding=\"async\" width=\"424\" height=\"283\" src=\"https:\/\/www.rotolongo.com\/wp-content\/uploads\/2017\/05\/zeitungsbeilagen.jpg\" class=\"attachment-small size-small\" alt=\"zeitungsbeilagen\" srcset=\"https:\/\/www.rotolongo.com\/wp-content\/uploads\/2017\/05\/zeitungsbeilagen.jpg 424w, https:\/\/www.rotolongo.com\/wp-content\/uploads\/2017\/05\/zeitungsbeilagen-300x200.jpg 300w, https:\/\/www.rotolongo.com\/wp-content\/uploads\/2017\/05\/zeitungsbeilagen-100x67.jpg 100w, https:\/\/www.rotolongo.com\/wp-content\/uploads\/2017\/05\/zeitungsbeilagen-50x33.jpg 50w\" sizes=\"auto, (max-width: 424px) 100vw, 424px\" \/><\/div><\/a>\n                <a href=\"\" ><span class=\"sc-icon-box__heading\">Inserti per giornali<\/span><\/a>\n                <a href=\"\" ><span class=\"sc-icon-box__text\">\nLe grandi aziende apprezzano molto gli inserti per giornali, che oltre tutto colpiscono con un design accattivante. Un\u2019immagine professionale \u00e8 decisiva per il successo. Da noi i vostri inserti sono in ottime mani &#8211; mani professioniste!<br \/>\n<\/span><\/a>\n                <div class=\"sc-icon-box__button\"><a href=\"https:\/\/www.rotolongo.com\/produkte\/zeitungsbeilagen\/\" class=\"c-button c-button--small\">per sapere di pi\u00f9<\/a><\/div>\n            <\/div>\n        \n<\/div>\n            <\/div>\n        \n\n            <div class=\"sc-container sc-container--full sc-container--text  \">\n                \n                <div class=\"sc-container__content\"><p style=\"text-align: center;\"><span class=\"c-button-wrapper\"><a href=\"https:\/\/www.rotolongo.com\/it\/prodotti\/\">Visualizza tutti i prodotti<\/a><\/span><\/p>\n<p>&nbsp;<\/p>\n<\/div>\n            <\/div>\n        \n\n            <div class=\"sc-container sc-container--blue--light  \">\n                \n                <div class=\"sc-container__content\">\n            <div class=\"sc-container sc-container--full sc-container--flex  \">\n                \n                <div class=\"sc-container__content\">\n\n            <div class=\"sc-container sc-container--half  \">\n                \n                <div class=\"sc-container__content\">\n<h2><strong>Rotolongo \u00e8 sinonimo di esperienza e affidabilit\u00e0<\/strong><\/h2>\n<p>Siamo un\u2019azienda familiare con sede a Bolzano. Dal 1988 lavoriamo nel campo dei prodotti di stampa, ai quali, da ormai quasi 30 anni, dedichiamo tutta la nostra passione.<\/p>\n<p>Forti dalla nostra pluriennale esperienza siamo in grado di soddisfare qualsiasi esigenza particolare dei clienti. Siamo felici di lavorare per voi!<\/p>\n<p><span class=\"c-button-wrapper\"><a href=\"https:\/\/www.rotolongo.com\/it\/contatti\/\">Contattateci<\/a><\/span><\/p>\n<\/div>\n            <\/div>\n        \n\n            <div class=\"sc-container sc-container--half sc-container--last  \">\n                \n\t        <div class=\"sc-container__background\" style=\"background: ; background-image: url(https:\/\/www.rotolongo.com\/wp-content\/uploads\/2017\/05\/Fotos-roto-001-Kopie-e1496242381718.jpg);\"><\/div>\n\t    \n                <div class=\"sc-container__content\"><\/div>\n            <\/div>\n        \n<\/div>\n            <\/div>\n        <\/div>\n            <\/div>\n        \n","protected":false},"excerpt":{"rendered":"","protected":false},"author":2,"featured_media":449,"parent":0,"menu_order":0,"comment_status":"closed","ping_status":"closed","template":"page-with-thumbnail.php","meta":{"footnotes":""},"class_list":["post-331","page","type-page","status-publish","has-post-thumbnail","hentry"],"yoast_head":"<!-- This site is optimized with the Yoast SEO Premium plugin v19.5 (Yoast SEO v25.9) - https:\/\/yoast.com\/wordpress\/plugins\/seo\/ -->\n<title>Rotolongo | La vostra tipografia B2B di fiducia<\/title>\n<meta name=\"description\" content=\"Rotolongo \u00e8 il vostro partner B2B affidabile per la stampa dei vostri prodotti. Da quasi 30 anni ci dedichiamo con passione e dedizione alla stampa. \u2713 qualit\u00e0 eccellente \u2713 alte tirature \u2713 Tempi di consegna rapidi \u2713 Professionalit\u00e0 e competenza\" \/>\n<meta name=\"robots\" content=\"index, follow, max-snippet:-1, max-image-preview:large, max-video-preview:-1\" \/>\n<link rel=\"canonical\" href=\"https:\/\/www.rotolongo.com\/it\/\" \/>\n<meta property=\"og:locale\" content=\"it_IT\" \/>\n<meta property=\"og:type\" content=\"article\" \/>\n<meta property=\"og:title\" content=\"La vostra tipografia B2B di fiducia\" \/>\n<meta property=\"og:description\" content=\"Rotolongo \u00e8 il vostro partner B2B affidabile per la stampa dei vostri prodotti. Da quasi 30 anni ci dedichiamo con passione e dedizione alla stampa. \u2713 qualit\u00e0 eccellente \u2713 alte tirature \u2713 Tempi di consegna rapidi \u2713 Professionalit\u00e0 e competenza\" \/>\n<meta property=\"og:url\" content=\"https:\/\/www.rotolongo.com\/it\/\" \/>\n<meta property=\"og:site_name\" content=\"Rotolongo\" \/>\n<meta property=\"article:modified_time\" content=\"2018-02-23T12:12:30+00:00\" \/>\n<meta property=\"og:image\" content=\"https:\/\/www.rotolongo.com\/wp-content\/uploads\/2017\/05\/titelbild-e1498055969469.jpg\" \/>\n\t<meta property=\"og:image:width\" content=\"4200\" \/>\n\t<meta property=\"og:image:height\" content=\"1197\" \/>\n\t<meta property=\"og:image:type\" content=\"image\/jpeg\" \/>\n<meta name=\"twitter:card\" content=\"summary_large_image\" \/>\n<meta name=\"twitter:label1\" content=\"Tempo di lettura stimato\" \/>\n\t<meta name=\"twitter:data1\" content=\"2 minuti\" \/>\n<script type=\"application\/ld+json\" class=\"yoast-schema-graph\">{\"@context\":\"https:\/\/schema.org\",\"@graph\":[{\"@type\":\"WebPage\",\"@id\":\"https:\/\/www.rotolongo.com\/it\/\",\"url\":\"https:\/\/www.rotolongo.com\/it\/\",\"name\":\"Rotolongo | La vostra tipografia B2B di fiducia\",\"isPartOf\":{\"@id\":\"https:\/\/www.rotolongo.com\/it\/#website\"},\"primaryImageOfPage\":{\"@id\":\"https:\/\/www.rotolongo.com\/it\/#primaryimage\"},\"image\":{\"@id\":\"https:\/\/www.rotolongo.com\/it\/#primaryimage\"},\"thumbnailUrl\":\"https:\/\/www.rotolongo.com\/wp-content\/uploads\/2017\/05\/titelbild-e1498055969469.jpg\",\"datePublished\":\"2017-06-15T11:03:34+00:00\",\"dateModified\":\"2018-02-23T12:12:30+00:00\",\"description\":\"Rotolongo \u00e8 il vostro partner B2B affidabile per la stampa dei vostri prodotti. Da quasi 30 anni ci dedichiamo con passione e dedizione alla stampa. \u2713 qualit\u00e0 eccellente \u2713 alte tirature \u2713 Tempi di consegna rapidi \u2713 Professionalit\u00e0 e competenza\",\"breadcrumb\":{\"@id\":\"https:\/\/www.rotolongo.com\/it\/#breadcrumb\"},\"inLanguage\":\"it-IT\",\"potentialAction\":[{\"@type\":\"ReadAction\",\"target\":[\"https:\/\/www.rotolongo.com\/it\/\"]}]},{\"@type\":\"ImageObject\",\"inLanguage\":\"it-IT\",\"@id\":\"https:\/\/www.rotolongo.com\/it\/#primaryimage\",\"url\":\"https:\/\/www.rotolongo.com\/wp-content\/uploads\/2017\/05\/titelbild-e1498055969469.jpg\",\"contentUrl\":\"https:\/\/www.rotolongo.com\/wp-content\/uploads\/2017\/05\/titelbild-e1498055969469.jpg\",\"width\":4200,\"height\":1197,\"caption\":\"Rotolongo\"},{\"@type\":\"BreadcrumbList\",\"@id\":\"https:\/\/www.rotolongo.com\/it\/#breadcrumb\",\"itemListElement\":[{\"@type\":\"ListItem\",\"position\":1,\"name\":\"Home\",\"item\":\"https:\/\/www.rotolongo.com\/it\/\"},{\"@type\":\"ListItem\",\"position\":2,\"name\":\"La vostra tipografia B2B di fiducia\"}]},{\"@type\":\"WebSite\",\"@id\":\"https:\/\/www.rotolongo.com\/it\/#website\",\"url\":\"https:\/\/www.rotolongo.com\/it\/\",\"name\":\"Rotolongo\",\"description\":\"\",\"potentialAction\":[{\"@type\":\"SearchAction\",\"target\":{\"@type\":\"EntryPoint\",\"urlTemplate\":\"https:\/\/www.rotolongo.com\/it\/?s={search_term_string}\"},\"query-input\":{\"@type\":\"PropertyValueSpecification\",\"valueRequired\":true,\"valueName\":\"search_term_string\"}}],\"inLanguage\":\"it-IT\"}]}<\/script>\n<!-- \/ Yoast SEO Premium plugin. -->","yoast_head_json":{"title":"Rotolongo | La vostra tipografia B2B di fiducia","description":"Rotolongo \u00e8 il vostro partner B2B affidabile per la stampa dei vostri prodotti. Da quasi 30 anni ci dedichiamo con passione e dedizione alla stampa. \u2713 qualit\u00e0 eccellente \u2713 alte tirature \u2713 Tempi di consegna rapidi \u2713 Professionalit\u00e0 e competenza","robots":{"index":"index","follow":"follow","max-snippet":"max-snippet:-1","max-image-preview":"max-image-preview:large","max-video-preview":"max-video-preview:-1"},"canonical":"https:\/\/www.rotolongo.com\/it\/","og_locale":"it_IT","og_type":"article","og_title":"La vostra tipografia B2B di fiducia","og_description":"Rotolongo \u00e8 il vostro partner B2B affidabile per la stampa dei vostri prodotti. Da quasi 30 anni ci dedichiamo con passione e dedizione alla stampa. \u2713 qualit\u00e0 eccellente \u2713 alte tirature \u2713 Tempi di consegna rapidi \u2713 Professionalit\u00e0 e competenza","og_url":"https:\/\/www.rotolongo.com\/it\/","og_site_name":"Rotolongo","article_modified_time":"2018-02-23T12:12:30+00:00","og_image":[{"width":4200,"height":1197,"url":"https:\/\/www.rotolongo.com\/wp-content\/uploads\/2017\/05\/titelbild-e1498055969469.jpg","type":"image\/jpeg"}],"twitter_card":"summary_large_image","twitter_misc":{"Tempo di lettura stimato":"2 minuti"},"schema":{"@context":"https:\/\/schema.org","@graph":[{"@type":"WebPage","@id":"https:\/\/www.rotolongo.com\/it\/","url":"https:\/\/www.rotolongo.com\/it\/","name":"Rotolongo | La vostra tipografia B2B di fiducia","isPartOf":{"@id":"https:\/\/www.rotolongo.com\/it\/#website"},"primaryImageOfPage":{"@id":"https:\/\/www.rotolongo.com\/it\/#primaryimage"},"image":{"@id":"https:\/\/www.rotolongo.com\/it\/#primaryimage"},"thumbnailUrl":"https:\/\/www.rotolongo.com\/wp-content\/uploads\/2017\/05\/titelbild-e1498055969469.jpg","datePublished":"2017-06-15T11:03:34+00:00","dateModified":"2018-02-23T12:12:30+00:00","description":"Rotolongo \u00e8 il vostro partner B2B affidabile per la stampa dei vostri prodotti. Da quasi 30 anni ci dedichiamo con passione e dedizione alla stampa. \u2713 qualit\u00e0 eccellente \u2713 alte tirature \u2713 Tempi di consegna rapidi \u2713 Professionalit\u00e0 e competenza","breadcrumb":{"@id":"https:\/\/www.rotolongo.com\/it\/#breadcrumb"},"inLanguage":"it-IT","potentialAction":[{"@type":"ReadAction","target":["https:\/\/www.rotolongo.com\/it\/"]}]},{"@type":"ImageObject","inLanguage":"it-IT","@id":"https:\/\/www.rotolongo.com\/it\/#primaryimage","url":"https:\/\/www.rotolongo.com\/wp-content\/uploads\/2017\/05\/titelbild-e1498055969469.jpg","contentUrl":"https:\/\/www.rotolongo.com\/wp-content\/uploads\/2017\/05\/titelbild-e1498055969469.jpg","width":4200,"height":1197,"caption":"Rotolongo"},{"@type":"BreadcrumbList","@id":"https:\/\/www.rotolongo.com\/it\/#breadcrumb","itemListElement":[{"@type":"ListItem","position":1,"name":"Home","item":"https:\/\/www.rotolongo.com\/it\/"},{"@type":"ListItem","position":2,"name":"La vostra tipografia B2B di fiducia"}]},{"@type":"WebSite","@id":"https:\/\/www.rotolongo.com\/it\/#website","url":"https:\/\/www.rotolongo.com\/it\/","name":"Rotolongo","description":"","potentialAction":[{"@type":"SearchAction","target":{"@type":"EntryPoint","urlTemplate":"https:\/\/www.rotolongo.com\/it\/?s={search_term_string}"},"query-input":{"@type":"PropertyValueSpecification","valueRequired":true,"valueName":"search_term_string"}}],"inLanguage":"it-IT"}]}},"_links":{"self":[{"href":"https:\/\/www.rotolongo.com\/it\/wp-json\/wp\/v2\/pages\/331","targetHints":{"allow":["GET"]}}],"collection":[{"href":"https:\/\/www.rotolongo.com\/it\/wp-json\/wp\/v2\/pages"}],"about":[{"href":"https:\/\/www.rotolongo.com\/it\/wp-json\/wp\/v2\/types\/page"}],"author":[{"embeddable":true,"href":"https:\/\/www.rotolongo.com\/it\/wp-json\/wp\/v2\/users\/2"}],"replies":[{"embeddable":true,"href":"https:\/\/www.rotolongo.com\/it\/wp-json\/wp\/v2\/comments?post=331"}],"version-history":[{"count":0,"href":"https:\/\/www.rotolongo.com\/it\/wp-json\/wp\/v2\/pages\/331\/revisions"}],"wp:featuredmedia":[{"embeddable":true,"href":"https:\/\/www.rotolongo.com\/it\/wp-json\/wp\/v2\/media\/449"}],"wp:attachment":[{"href":"https:\/\/www.rotolongo.com\/it\/wp-json\/wp\/v2\/media?parent=331"}],"curies":[{"name":"wp","href":"https:\/\/api.w.org\/{rel}","templated":true}]}}