{"id":330,"date":"2017-06-15T11:29:14","date_gmt":"2017-06-15T11:29:14","guid":{"rendered":"http:\/\/rotolongo.wpengine.com\/?page_id=330\/"},"modified":"2019-09-30T18:19:43","modified_gmt":"2019-09-30T18:19:43","slug":"note-legali","status":"publish","type":"page","link":"https:\/\/www.rotolongo.com\/it\/note-legali\/","title":{"rendered":"Note Legali"},"content":{"rendered":"\n            <div class=\"sc-container sc-container--full sc-container--text  \">\n                \n                <div class=\"sc-container__content\"><h2><b>\u00a9 Copyright<\/b><\/h2>\n<p><span style=\"color: #000000;\"><b>Rotolongo\u00a0S.R.L. &amp; C. S.A.S.<br \/>\n<\/b><\/span><span style=\"color: #000000;\">Via Negrelli,15 &#8211;\u00a0I-39100 Bolzano (BZ)<br \/>\n<\/span><span style=\"color: #000000;\">Tel. +39 0471 246 311 &#8211;\u00a0Fax +39 0471 246 300<\/span><\/p>\n<p><a href=\"mailto:info@rotolongo.com\"><span style=\"color: #0000e9;\"><u>info@rotolongo.com<\/u><\/span><\/a><span style=\"color: #000000;\">\u00a0&#8211;\u00a0<\/span><a href=\"https:\/\/www.rotolongo.com\/\"><span style=\"color: #0000e9;\"><u>rotolongo.wpengine.com<\/u><\/span><\/a><\/p>\n<p><span style=\"color: #000000;\">P.I. 01583080211<br \/>\n<\/span><span style=\"color: #000000;\">REA: BZ-130181<br \/>\n<\/span><span style=\"color: #000000;\">Cap.Soc. \u20ac 100.000,00<\/span><\/p>\n<p><strong>Informazioni ex art. 1 comma 125, della Legge 4 agosto 2017 n. 124<\/strong><\/p>\n<p>Con riferimento all\u2019art. 1 comma 125 della Legge 124\/2017, qui di seguito sono riepilogate le sovvenzioni (contributi, incarichi retribuiti, vantaggi economici) ricevute dalle pubbliche amministrazioni (descrizione delle singole sovvenzioni ricevute):<\/p>\n<p>\u2026\u2026\u2026\u2026\u2026\u2026<\/p>\n<p>L&#8217;Autorit\u00e0 di Regolazione per Energia Reti e Ambiente tramite CSEA &#8211; Cassa per i servizi energetici e ambientali nel 2018 ha erogato agevolazioni per le imprese energivore pari ad <strong>Euro 41.913,05.<\/strong><\/p>\n<h2><b>\u00a9 Copyright Materiale fotografico<\/b><\/h2>\n<p><span style=\"color: #000000;\">Le fotografie sono in possesso di Rotolongo\u00a0S.R.L. &amp; C. S.A.S., Bolzano<\/span><\/p>\n<p><a href=\"https:\/\/de.fotolia.com\/\" target=\"_blank\" rel=\"noopener noreferrer\">Fotolia.de<\/a>:<br \/>\n<span class=\"trunc-string\">124743697 \u2013\u00a0<span title=\"Man working in wine shop \">Man working in wine shop\u00a0<\/span><\/span>\u00a9 pikselstock<br \/>\n<span class=\"trunc-string\">98728199 \u2013\u00a0<span title=\"Reading the news\">Reading the news\u00a0<\/span><\/span>\u00a9 vladans<br \/>\n<span class=\"trunc-string\">32809797 \u2013\u00a0<span title=\"package insert\">package insert\u00a0<\/span><\/span>\u00a9 liveostockimages<br \/>\n<span class=\"trunc-string\">121971202 \u2013\u00a0<span title=\"Stau auf der Autobahn\">Stau auf der Autobahn\u00a0<\/span><\/span>\u00a9 Thaut Images<br \/>\n141715743 \u2013\u00a0<span title=\"Financial planning\">Financial planning\u00a0<\/span>\u00a9 StockPhotoPro<a class=\"ftl-tooltip-title\" title=\"Sehen Sie weitere Bilder von diesem Anbieter\" href=\"https:\/\/de.fotolia.com\/p\/103032\"><br \/>\n<\/a>153580299 \u2013\u00a0<span title=\"male baker teaching pastry to males students\">male baker teaching pastry to males students\u00a0<\/span>\u00a9 auremar<a class=\"ftl-tooltip-title\" title=\"Sehen Sie weitere Bilder von diesem Anbieter\" href=\"https:\/\/de.fotolia.com\/p\/103032\"><br \/>\n<\/a>149811917 \u2013\u00a0<span title=\"Test Tubes in a Lab\">Test Tubes in a Lab\u00a0<\/span>\u00a9 Minerva Studio<a class=\"ftl-tooltip-title\" title=\"Sehen Sie weitere Bilder von diesem Anbieter\" href=\"https:\/\/de.fotolia.com\/p\/103032\"><br \/>\n<\/a>134183343 \u2013\u00a0<span title=\"Young attractive yogi woman practicing yoga, sitting in Padmasana, exercise, Lotus pose with mudra, working out, wearing white sportswear, indoor, meditation session near window. Midsection close up\">Young attractive yogi woman practicing yoga, sitting in Padmasana, exercise, Lotus pose with mudra, working out, wearing white sportswear, indoor, meditation session near window. Midsection close up\u00a0<\/span>\u00a9 fizkes<a class=\"ftl-tooltip-title\" title=\"Sehen Sie weitere Bilder von diesem Anbieter\" href=\"https:\/\/de.fotolia.com\/p\/103032\"><br \/>\n<\/a>75221358 \u2013\u00a0<span title=\"Lesestoff\">Lesestoff\u00a0<\/span>\u00a9 Glaser<a class=\"ftl-tooltip-title\" title=\"Sehen Sie weitere Bilder von diesem Anbieter\" href=\"https:\/\/de.fotolia.com\/p\/103032\"><br \/>\n<\/a>78076347 \u2013\u00a0<span title=\"Karton im Versand\">Karton im Versand\u00a0<\/span>\u00a9 nikbu<a class=\"ftl-tooltip-title\" title=\"Sehen Sie weitere Bilder von diesem Anbieter\" href=\"https:\/\/de.fotolia.com\/p\/103032\"><br \/>\n<\/a>77649632 \u2013\u00a0<span title=\"Row of folded newspapers\">Row of folded newspapers\u00a0<\/span>\u00a9 david_franklin<a class=\"ftl-tooltip-title\" title=\"Sehen Sie weitere Bilder von diesem Anbieter\" href=\"https:\/\/de.fotolia.com\/p\/103032\"><br \/>\n<\/a>18639829 \u2013\u00a0<span title=\"zeitung\">zeitung\u00a0<\/span>\u00a9 Goss Vitalij<a class=\"ftl-tooltip-title\" title=\"Sehen Sie weitere Bilder von diesem Anbieter\" href=\"https:\/\/de.fotolia.com\/p\/103032\"><br \/>\n<\/a>74130759 \u2013\u00a0<span title=\"Offset conveying process of a full-automatic bound stitching unit.\">Offset conveying process of a full-automatic bound stitching unit.\u00a0<\/span>\u00a9 zefart<a class=\"ftl-tooltip-title\" title=\"Sehen Sie weitere Bilder von diesem Anbieter\" href=\"https:\/\/de.fotolia.com\/p\/103032\"><br \/>\n<\/a>105717198 \u2013\u00a0<span title=\"Fotobuch mit Hardcover-Bindung\">Fotobuch mit Hardcover-Bindung\u00a0<\/span>\u00a9 FSEID<\/p>\n<h2><span style=\"color: #000000;\"><b>PRIVACY POLICY<\/b><\/span><\/h2>\n<p><span style=\"color: #000000;\"><b>Informativa ai sensi dell\u2019 art. 13 D. lgs. 196\/2003\u00a0<\/b><\/span><span style=\"color: #000000;\">Ai sensi dell\u2019articolo 13 del D. lgs n. 196\/2003 Le forniamo le seguenti informazioni: ROTOLONGO S.R.L. &amp; C. S.A.S. di\u00a0Peter Longo con sede a Bolzano, utilizzer\u00e0 i Vostri dati per i seguenti scopi: Invio di E-Mail e comunicazioni pubblicitarie, per adempiere agli obblighi di legge derivanti anche da normative locali e comunali nonch\u00e9 da norme del diritto civile e penale, per adempiere ad eventuali obblighi contrattuali nei confronti dell\u2019interessato, alla tutela del credito e gestione del debito. I Vostri dati saranno elaborati e memorizzati in formato elettronico. Peter Longo garantisce ai sensi di legge che il trattamento dei dati personali avviene nel rispetto dei diritti fondamentali nonch\u00e9 della dignit\u00e0 dell\u2019interessato, in particolare per quanto riguarda la segretezza, l\u2019identit\u00e0 personale e il diritto alla tutela degli stessi. In relazione alle finalit\u00e0 di cui sopra i Suoi dati personali verranno comunicati se necessario: alle Pubbliche Amministrazioni ed Autorit\u00e0, ove previsto dalla legge ad Istituti di credito con i quali la ns. ditta ha rapporti per la gestione dei crediti\/debiti e l\u2019intermediazione finanziaria a tutte quelle persone fisiche e\/o giuridiche, pubbliche e\/o private (studi di consulenza legale, amministrativa e fiscale, uffici giudiziari, Camere di Commercio ecc.), quando la comunicazione risulti necessaria o funzionale allo svolgimento della nostra attivit\u00e0 e nei modi e per le finalit\u00e0 sopra elencate I dati personali trattati dalla nostra societ\u00e0 non sono soggetti a diffusione. Il trattamento potr\u00e0 effettuarsi con o senza l\u2019ausilio di mezzi elettronici e comunque automatizzati e comprender\u00e0 tutte le operazioni previste all\u2019art. 4 comma 1, lettera a, Dlgs 30 giugno 2003 nr. 196 e necessarie al trattamento in questione. Comunque il trattamento sar\u00e0 effettuato nell\u2019osservanza di ogni misura cautelativa, che ne garantisca la sicurezza e la riservatezza. Il trattamento dei dati \u00e8 a cura di Peter Longo. In ogni momento potr\u00e0 esercitare i Suoi diritti nei confronti del titolare del trattamento, ai sensi dell\u2019art. 7 del D. lgs. 196\/2003, che per Sua comodit\u00e0 riproduciamo integralmente:\u00a0<\/span><span style=\"color: #000000;\"><b>Articolo 7 &#8211; Diritto di accesso ai dati personali ed altri diritti<\/b>\u00a0<\/span><span style=\"color: #000000;\"><b>1.\u00a0<\/b><\/span><span style=\"color: #000000;\">L&#8217;interessato ha diritto di ottenere la conferma dell&#8217;esistenza o meno di dati personali che lo riguardano, anche se non ancora registrati, e la loro comunicazione in forma intelligibile.\u00a0<\/span><span style=\"color: #000000;\"><b>2.\u00a0<\/b><\/span><span style=\"color: #000000;\">L&#8217;interessato ha diritto di ottenere l&#8217;indicazione: a)\u00a0dell&#8217;origine dei dati personali; b)\u00a0delle finalit\u00e0 e modalit\u00e0 del trattamento; c)\u00a0della logica applicata in caso di trattamento effettuato con l&#8217;ausilio di strumenti elettronici; d)\u00a0degli estremi identificativi del titolare, dei responsabili e del rappresentante designato ai sensi dell&#8217;articolo 5, comma 2; e)\u00a0dei soggetti o delle categorie di soggetti ai quali i dati personali possono essere comunicati o che possono venirne a conoscenza in qualit\u00e0 di rappresentante designato nel territorio dello Stato, di responsabili o incaricati.\u00a0<\/span><span style=\"color: #000000;\"><b>3.\u00a0<\/b><\/span><span style=\"color: #000000;\">L&#8217;interessato ha diritto di ottenere: a)\u00a0l&#8217;aggiornamento, la rettificazione ovvero, quando vi ha interesse, l&#8217;integrazione dei dati; b)\u00a0la cancellazione, la trasformazione in forma anonima o il blocco dei dati trattati in violazione di legge, compresi quelli di cui non \u00e8 necessaria la conservazione in relazione agli scopi per i quali i dati sono stati raccolti o successivamente trattati; c)\u00a0l&#8217;attestazione che le operazioni di cui alle lettere a) e b) sono state portate a conoscenza, anche per quanto riguarda il loro contenuto, di coloro ai quali i dati sono stati comunicati o diffusi, eccettuato il caso in cui tale adempimento si rivela impossibile o comporta un impiego di mezzi manifestamente sproporzionato rispetto al diritto tutelato.\u00a0<\/span><span style=\"color: #000000;\"><b>4.<\/b><\/span><span style=\"color: #000000;\">\u00a0L&#8217;interessato ha diritto di opporsi, in tutto o in parte: a)\u00a0per motivi legittimi al trattamento dei dati personali che lo riguardano, ancorch\u00e9 pertinenti allo scopo della raccolta; b) al trattamento di dati personali che lo riguardano a fini di invio di materiale pubblicitario o di vendita diretta o per il compimento di ricerche di mercato o di comunicazione commerciale. I diritti in oggetto possono essere esercitati, anche per il tramite di un incaricato, mediante richiesta rivolta alla responsabile nominato Peter Longo, info@rotolongo.com\u00a0<\/span><span style=\"color: #000000;\"><b>Il titolare del trattamento in oggetto \u00e8:\u00a0<\/b><\/span><span style=\"color: #000000;\">ROTOLONGO S.R.L. &amp; C. S.A.S. DI PETER LONGO<\/span><\/p>\n<h2><span style=\"color: #000000;\"><b>COOKIE POLICY<\/b><\/span><\/h2>\n<p><span style=\"color: #000000;\">La presente cookie policy ha lo scopo specifico di illustrare i tipi, le modalit\u00e0 di utilizzo nonch\u00e9 di fornire indicazioni circa le azioni per rifiutare o eliminare i cookie presenti sul sito web, se lo si desidera.<\/span><\/p>\n<h3><span style=\"color: #000000;\"><b>a. Cosa sono e come vengono utilizzati i cookie<\/b><\/span><\/h3>\n<p><span style=\"color: #000000;\">sono righe di testo usate per eseguire autenticazioni automatiche, tracciatura di sessioni e memorizzazione di informazioni specifiche riguardanti gli utenti che accedono al server, come ad esempio siti web preferiti o, in caso di acquisti via internet, il contenuto dei loro &#8220;carrelli della spesa&#8221;.<\/span><\/p>\n<p><span style=\"color: #000000;\">Nel dettaglio, sono stringhe di testo di piccola dimensione inviate da un server ad un Web client (di solito un browser) e poi rimandati indietro dal client al server (senza subire modifiche) ogni volta che il client accede alla stessa porzione dello stesso dominio web. Il termine &#8220;cookie&#8221; \u2013 letteralmente &#8220;biscotto&#8221; \u2013 deriva da magic cookie (biscotto magico), concetto noto in ambiente UNIX che ha ispirato sia l&#8217;idea che il nome dei cookie HTTP.<\/span><\/p>\n<p><span style=\"color: #000000;\">Ogni dominio o sua porzione che viene visitata col browser pu\u00f2 impostare dei cookie. Poich\u00e9 una tipica pagina Internet, ad esempio quella di un giornale in rete, contiene oggetti che provengono da molti domini diversi e ognuno di essi pu\u00f2 impostare cookie, \u00e8 normale ospitare nel proprio browser molte centinaia di cookie.<\/span><\/p>\n<p><span style=\"color: #000000;\">Per default quasi tutti i browser web sono impostati per accettare automaticamente i cookie.<\/span><\/p>\n<p><span style=\"color: #000000;\">Il sito web di ROTOLONGO.COM utilizza o pu\u00f2 utilizzare, anche in combinazione tra di loro, le seguenti categorie di cookie, suddivisi in base alla classificazione proposta nel Parere 04\/2012 relativo all\u2019esenzione dal consenso per l\u2019uso di cookie emesso dal Gruppo di Lavoro ex art. 29 in ambito comunitario (<\/span><a href=\"http:\/\/ec.europa.eu\/justice\/data-protection\/article-29\/documentation\/opinion-recommendation\/files\/2012\/wp194_it.pdf#h2-8\"><span style=\"color: #0000e9;\"><u>reperibile a questo link<\/u><\/span><\/a><span style=\"color: #000000;\">)<\/span><\/p>\n<p><span style=\"color: #000000;\">di \u201csessione\u201d che vengono memorizzati sul computer dell\u2019utente per mere esigenze tecnico-funzionali, per la trasmissione di identificativi di sessione necessari per consentire l\u2019esplorazione sicura ed efficiente del sito; essi si cancellano al termine della \u201csessione\u201d (da cui il nome) con la chiusura del browser. Questo tipo di cookie evita il ricorso ad altre tecniche informatiche potenzialmente pregiudizievoli per la riservatezza della navigazione degli utenti;<\/span><\/p>\n<p><span style=\"color: #000000;\">\u201cpersistenti\u201d che rimangono memorizzati sul disco rigido del computer fino alla loro scadenza o cancellazione da parte degli utenti\/visitatori. Tramite i cookie persistenti i visitatori che accedono al sito (o eventuali altri utenti che impiegano il medesimo computer) vengono automaticamente riconosciuti a ogni visita. I cookie persistenti soddisfano a molte funzionalit\u00e0 nell\u2019interesse dei navigatori (come per esempio l\u2019uso della lingua di navigazione oppure la registrazione del carrello della spesa negli acquisti on line. Tuttavia, i cookie persistenti possono anche essere utilizzati per finalit\u00e0 promozionali o, persino, per scopi di dubbia liceit\u00e0. I visitatori possono impostare il browser del computer in modo tale che esso accetti\/rifiuti tutti i cookie o visualizzi un avviso ogni qual volta viene proposto un cookie, al fine di poter valutare se accettarlo o meno. L\u2019utente \u00e8 abilitato, comunque, a modificare la configurazione predefinita (di default) e disabilitare i cookie (cio\u00e8 bloccarli in via definitiva), impostando il livello di protezione pi\u00f9 elevato.<\/span><\/p>\n<p><span style=\"color: #000000;\">Queste due tipologie di cookie (di sessione e persistenti) possono a loro volta essere<\/span><\/p>\n<p><span style=\"color: #000000;\">di \u201cprima parte\u201d quando sono gestiti di-rettamente dal proprietario e\/o responsabile del sito web<\/span><\/p>\n<p><span style=\"color: #000000;\">di \u201cterza parte\u201d quando i cookie sono predisposti e gestiti da responsabili estranei al sito web visitato dall\u2019utente.\u2028<\/span><\/p>\n<h3><span style=\"color: #000000;\"><b>b. Come funzionano e come si eliminano i cookie<\/b><\/span><\/h3>\n<p><span style=\"color: #000000;\">Le modalit\u00e0 di funzionamento nonch\u00e9 le opzioni per limitare o bloccare i cookie, possono essere effettuate modificando le impostazioni del proprio browser Internet.<\/span><\/p>\n<p><span style=\"color: #000000;\">\u00c8 possibile inoltre visitare il sito, in lingua inglese, <\/span><a href=\"http:\/\/www.aboutcookies.org\/\"><span style=\"color: #0000e9;\"><u>http:\/\/www.aboutcookies.org<\/u><\/span><\/a><span style=\"color: #000000;\"> per informazioni su come poter gestire\/eliminare i cookie in base al tipo di browser utilizzato.<\/span><\/p>\n<p><span style=\"color: #000000;\">Per eliminare i cookie dal browser Internet del proprio smartphone\/tablet, \u00e8 necessario fare riferimento al manuale d\u2019uso del dispositivo.<\/span><\/p>\n<h3><span style=\"color: #000000;\"><b>c. Elenco dei cookie presenti sul sito web di ROTOLONGO.COM<\/b><\/span><\/h3>\n<p><span style=\"color: #000000;\">La tabella che segue riporta i siti web che vi afferiscono, associati ai cookie presenti.<\/span><\/p>\n<p><span style=\"color: #000000;\">I cookie possono essere oltre che di sessione e persistenti anche di terza parte. Questi ultimi ricadono sotto la diretta ed esclusiva responsabilit\u00e0 dello stesso gestore e sono suddivisi nelle seguenti macro categorie:<\/span><\/p>\n<p><span style=\"color: #000000;\">Analitycs. Sono i cookie utilizzati per raccogliere e analizzare informazioni statistiche sugli accessi\/le visite al sito web. In alcuni casi, associati ad altre informazioni quali le credenziali inserite per l\u2019accesso ad aree riservate (il proprio indirizzo di posta elettronica e la password), possono essere utilizzate per profilare l\u2019utente (abitudini personali, siti visitati, contenuti scaricati, tipi di interazioni effettuate, ecc.).<\/span><\/p>\n<p><span style=\"color: #000000;\">Widgets. Rientrano in questa categoria tutti quei componenti grafici di una inter-faccia utente di un programma, che ha lo scopo di facilitare l&#8217;utente nell&#8217;interazione con il programma stesso. A titolo esemplificativo sono widget i cookie di facebook, \u00a0google+, twitter. Ulteriori informazioni sulla privacy e sul loro uso sono reperibili direttamente sui siti dei rispettivi gestori.<\/span><\/p>\n<p><span style=\"color: #000000;\">Advertising. Rientrano in questa categoria i cookie utilizzati per fare pubblicit\u00e0 all\u2019interno di un sito. Google, Tradedoubler rientrano in questa categoria. Ulteriori informazioni sulla privacy e sul loro uso sono reperibili direttamente sui siti dei rispettivi gestori.<\/span><\/p>\n<p><span style=\"color: #000000;\">Web beacons. Rientrano in questa categoria i frammenti di codice che consentono a un sito web di trasferire o raccogliere informazioni attraverso la richiesta di un&#8217;immagine grafica. I siti web possono utilizzarli per diversi fini, quali l&#8217;analisi dell&#8217;uso dei siti web, attivit\u00e0 di controllo e reportistica sulle pubblicit\u00e0 e la personalizzazione di pubblicit\u00e0 e contenuti.<\/span><\/p>\n<p><em><span style=\"color: #000000;\"><b>Informazioni sui Cookie di terze parti<\/b><\/span><\/em><\/p>\n<table border=\"0\" width=\"583\" cellspacing=\"0\" cellpadding=\"7\">\n<colgroup>\n<col width=\"281\" \/>\n<col width=\"274\" \/> <\/colgroup>\n<tbody>\n<tr>\n<td width=\"281\"><span style=\"color: #000000;\"><b>Societ\u00e0<\/b><\/span><\/td>\n<td width=\"274\"><span style=\"color: #000000;\"><b>link alle Informative<\/b><\/span><\/td>\n<\/tr>\n<tr>\n<td width=\"281\"><span style=\"color: #000000;\">Google (maps)<\/span><\/td>\n<td width=\"274\"><a href=\"http:\/\/www.google.com\/policies\/privacy\/\"><span style=\"color: #0000e9;\"><u>Informativa di Google<\/u><\/span><\/a><\/td>\n<\/tr>\n<tr>\n<td width=\"281\"><span style=\"color: #000000;\">Google (Analytics)<\/span><\/td>\n<td width=\"274\"><a href=\"http:\/\/www.google.com\/policies\/privacy\/\"><span style=\"color: #0000e9;\"><u>Informativa di Google<\/u><\/span><\/a><\/td>\n<\/tr>\n<tr>\n<td width=\"281\"><span style=\"color: #000000;\">Google (Youtube)<\/span><\/td>\n<td width=\"274\"><a href=\"http:\/\/www.google.com\/policies\/privacy\/\"><span style=\"color: #0000e9;\"><u>Informativa di Google<\/u><\/span><\/a><\/td>\n<\/tr>\n<tr>\n<td width=\"281\"><span style=\"color: #000000;\">Facebook<\/span><\/td>\n<td width=\"274\"><a href=\"https:\/\/www.facebook.com\/about\/privacy\"><span style=\"color: #0000e9;\"><u>Informativa di Facebook<\/u><\/span><\/a><\/td>\n<\/tr>\n<tr>\n<td width=\"281\"><span style=\"color: #000000;\">\u00a0<\/span><\/td>\n<td width=\"274\"><span style=\"color: #000000;\">\u00a0<\/span><\/td>\n<\/tr>\n<\/tbody>\n<\/table>\n<h3><span style=\"color: #000000;\"><b>d. Utilizzo di Flash cookie<\/b><\/span><\/h3>\n<p><span style=\"color: #000000;\">Il sito web pu\u00f2 utilizzare Adobe Flash Player per offrire alcuni contenuti multimediali. Sulla maggior parte dei computer il programma risulta installato di \u201cdefault\u201d.<\/span><\/p>\n<p><span style=\"color: #000000;\">Nel caso in cui si utilizzino alcuni di questi contenuti, Google Analytics memorizza dei dati aggiuntivi sul computer, conosciuti anche come Flash cookie (o Local Share Object) per il tramite dei quali il titolare \u00e8 in grado di conoscere il numero totale di volte in cui viene aperto un certo file audio\/video, il numero di persone che lo utilizza fino alla fine e quante persone, invece, lo chiudono prima del termine.<\/span><\/p>\n<p><span style=\"color: #000000;\">Il sito web di Adobe fornisce informazioni su co-me rimuovere o disabilitare i cookie di Flash (vedi <\/span><a href=\"http:\/\/www.adobe.com\/products\/flashplayer\/security\"><span style=\"color: #0000e9;\"><u>http:\/\/www.adobe.com\/products\/flashplayer\/security<\/u><\/span><\/a><span style=\"color: #000000;\"> )<\/span><\/p>\n<p><span style=\"color: #000000;\">Si rammenta che limitare e\/o eliminare l&#8217;uso di questo tipo di flash cookies pu\u00f2 pregiudicare le funzioni disponibili per le applicazioni basate sulla tecnologia Flash.<\/span><\/p>\n<\/div>\n            <\/div>\n        \n","protected":false},"excerpt":{"rendered":"","protected":false},"author":2,"featured_media":0,"parent":0,"menu_order":90,"comment_status":"closed","ping_status":"closed","template":"","meta":{"footnotes":""},"class_list":["post-330","page","type-page","status-publish","hentry"],"yoast_head":"<!-- This site is optimized with the Yoast SEO Premium plugin v19.5 (Yoast SEO v25.9) - https:\/\/yoast.com\/wordpress\/plugins\/seo\/ -->\n<title>Note Legali - Rotolongo<\/title>\n<meta name=\"robots\" content=\"index, follow, max-snippet:-1, max-image-preview:large, max-video-preview:-1\" \/>\n<link rel=\"canonical\" href=\"https:\/\/www.rotolongo.com\/it\/note-legali\/\" \/>\n<meta property=\"og:locale\" content=\"it_IT\" \/>\n<meta property=\"og:type\" content=\"article\" \/>\n<meta property=\"og:title\" content=\"Note Legali\" \/>\n<meta property=\"og:url\" content=\"https:\/\/www.rotolongo.com\/it\/note-legali\/\" \/>\n<meta property=\"og:site_name\" content=\"Rotolongo\" \/>\n<meta property=\"article:modified_time\" content=\"2019-09-30T18:19:43+00:00\" \/>\n<meta name=\"twitter:card\" content=\"summary_large_image\" \/>\n<meta name=\"twitter:label1\" content=\"Tempo di lettura stimato\" \/>\n\t<meta name=\"twitter:data1\" content=\"10 minuti\" \/>\n<script type=\"application\/ld+json\" class=\"yoast-schema-graph\">{\"@context\":\"https:\/\/schema.org\",\"@graph\":[{\"@type\":\"WebPage\",\"@id\":\"https:\/\/www.rotolongo.com\/it\/note-legali\/\",\"url\":\"https:\/\/www.rotolongo.com\/it\/note-legali\/\",\"name\":\"Note Legali - Rotolongo\",\"isPartOf\":{\"@id\":\"https:\/\/www.rotolongo.com\/it\/#website\"},\"datePublished\":\"2017-06-15T11:29:14+00:00\",\"dateModified\":\"2019-09-30T18:19:43+00:00\",\"breadcrumb\":{\"@id\":\"https:\/\/www.rotolongo.com\/it\/note-legali\/#breadcrumb\"},\"inLanguage\":\"it-IT\",\"potentialAction\":[{\"@type\":\"ReadAction\",\"target\":[\"https:\/\/www.rotolongo.com\/it\/note-legali\/\"]}]},{\"@type\":\"BreadcrumbList\",\"@id\":\"https:\/\/www.rotolongo.com\/it\/note-legali\/#breadcrumb\",\"itemListElement\":[{\"@type\":\"ListItem\",\"position\":1,\"name\":\"Home\",\"item\":\"https:\/\/www.rotolongo.com\/it\/\"},{\"@type\":\"ListItem\",\"position\":2,\"name\":\"Note Legali\"}]},{\"@type\":\"WebSite\",\"@id\":\"https:\/\/www.rotolongo.com\/it\/#website\",\"url\":\"https:\/\/www.rotolongo.com\/it\/\",\"name\":\"Rotolongo\",\"description\":\"\",\"potentialAction\":[{\"@type\":\"SearchAction\",\"target\":{\"@type\":\"EntryPoint\",\"urlTemplate\":\"https:\/\/www.rotolongo.com\/it\/?s={search_term_string}\"},\"query-input\":{\"@type\":\"PropertyValueSpecification\",\"valueRequired\":true,\"valueName\":\"search_term_string\"}}],\"inLanguage\":\"it-IT\"}]}<\/script>\n<!-- \/ Yoast SEO Premium plugin. -->","yoast_head_json":{"title":"Note Legali - Rotolongo","robots":{"index":"index","follow":"follow","max-snippet":"max-snippet:-1","max-image-preview":"max-image-preview:large","max-video-preview":"max-video-preview:-1"},"canonical":"https:\/\/www.rotolongo.com\/it\/note-legali\/","og_locale":"it_IT","og_type":"article","og_title":"Note Legali","og_url":"https:\/\/www.rotolongo.com\/it\/note-legali\/","og_site_name":"Rotolongo","article_modified_time":"2019-09-30T18:19:43+00:00","twitter_card":"summary_large_image","twitter_misc":{"Tempo di lettura stimato":"10 minuti"},"schema":{"@context":"https:\/\/schema.org","@graph":[{"@type":"WebPage","@id":"https:\/\/www.rotolongo.com\/it\/note-legali\/","url":"https:\/\/www.rotolongo.com\/it\/note-legali\/","name":"Note Legali - Rotolongo","isPartOf":{"@id":"https:\/\/www.rotolongo.com\/it\/#website"},"datePublished":"2017-06-15T11:29:14+00:00","dateModified":"2019-09-30T18:19:43+00:00","breadcrumb":{"@id":"https:\/\/www.rotolongo.com\/it\/note-legali\/#breadcrumb"},"inLanguage":"it-IT","potentialAction":[{"@type":"ReadAction","target":["https:\/\/www.rotolongo.com\/it\/note-legali\/"]}]},{"@type":"BreadcrumbList","@id":"https:\/\/www.rotolongo.com\/it\/note-legali\/#breadcrumb","itemListElement":[{"@type":"ListItem","position":1,"name":"Home","item":"https:\/\/www.rotolongo.com\/it\/"},{"@type":"ListItem","position":2,"name":"Note Legali"}]},{"@type":"WebSite","@id":"https:\/\/www.rotolongo.com\/it\/#website","url":"https:\/\/www.rotolongo.com\/it\/","name":"Rotolongo","description":"","potentialAction":[{"@type":"SearchAction","target":{"@type":"EntryPoint","urlTemplate":"https:\/\/www.rotolongo.com\/it\/?s={search_term_string}"},"query-input":{"@type":"PropertyValueSpecification","valueRequired":true,"valueName":"search_term_string"}}],"inLanguage":"it-IT"}]}},"_links":{"self":[{"href":"https:\/\/www.rotolongo.com\/it\/wp-json\/wp\/v2\/pages\/330","targetHints":{"allow":["GET"]}}],"collection":[{"href":"https:\/\/www.rotolongo.com\/it\/wp-json\/wp\/v2\/pages"}],"about":[{"href":"https:\/\/www.rotolongo.com\/it\/wp-json\/wp\/v2\/types\/page"}],"author":[{"embeddable":true,"href":"https:\/\/www.rotolongo.com\/it\/wp-json\/wp\/v2\/users\/2"}],"replies":[{"embeddable":true,"href":"https:\/\/www.rotolongo.com\/it\/wp-json\/wp\/v2\/comments?post=330"}],"version-history":[{"count":0,"href":"https:\/\/www.rotolongo.com\/it\/wp-json\/wp\/v2\/pages\/330\/revisions"}],"wp:attachment":[{"href":"https:\/\/www.rotolongo.com\/it\/wp-json\/wp\/v2\/media?parent=330"}],"curies":[{"name":"wp","href":"https:\/\/api.w.org\/{rel}","templated":true}]}}